{"id":2,"date":"2014-06-05T12:12:36","date_gmt":"2014-06-05T12:12:36","guid":{"rendered":"http:\/\/trabi-tour-live.dyndns.org\/wordpress-DE\/wordpress\/?page_id=2"},"modified":"2016-06-01T21:07:16","modified_gmt":"2016-06-01T19:07:16","slug":"beispiel-seite","status":"publish","type":"page","link":"https:\/\/trabi-tour-live.dyndns.org\/wordpress-DE\/wordpress\/?page_id=2","title":{"rendered":"Wir \u00fcber uns"},"content":{"rendered":"<p>Hier ist die echt Liveberichterstattung von der Trabi-Tour.<\/p>\n<p>Hier schreiben die Fahrer und Beifahrer was so los ist zur Tour.<\/p>\n<p>Unzensiert!<\/p>\n<p>F\u00fcr einen guten Zweck werden ab der Tour 2016 j\u00e4hrlich drei Zugangsdaten f\u00fcr den Blog zum Mitberichten versteigert.<\/p>\n<p>Damit wird es endlich eine RICHTIGE Live-Bericht-Erstattung.<\/p>\n<p>Kommentare sind nat\u00fcrlich weiterhin von allen m\u00f6glich!<\/p>\n<p>Viel Spass beim &#8222;gucken&#8220; und bald beim mitschreiben<\/p>\n<p>Die Arzgebirger!<\/p>\n","protected":false},"excerpt":{"rendered":"<p>Hier ist die echt Liveberichterstattung von der Trabi-Tour. Hier schreiben die Fahrer und Beifahrer was so los ist zur Tour. Unzensiert! F\u00fcr einen guten Zweck werden ab der Tour 2016 j\u00e4hrlich drei Zugangsdaten f\u00fcr den Blog zum Mitberichten versteigert. Damit wird es endlich eine RICHTIGE Live-Bericht-Erstattung. Kommentare sind nat\u00fcrlich weiterhin von allen m\u00f6glich! Viel Spass &hellip; <a href=\"https:\/\/trabi-tour-live.dyndns.org\/wordpress-DE\/wordpress\/?page_id=2\" class=\"more-link\"><span class=\"screen-reader-text\">Wir \u00fcber uns<\/span> weiterlesen <span class=\"meta-nav\">&rarr;<\/span><\/a><\/p>\n","protected":false},"author":1,"featured_media":0,"parent":0,"menu_order":0,"comment_status":"open","ping_status":"open","template":"","meta":{"footnotes":""},"_links":{"self":[{"href":"https:\/\/trabi-tour-live.dyndns.org\/wordpress-DE\/wordpress\/index.php?rest_route=\/wp\/v2\/pages\/2"}],"collection":[{"href":"https:\/\/trabi-tour-live.dyndns.org\/wordpress-DE\/wordpress\/index.php?rest_route=\/wp\/v2\/pages"}],"about":[{"href":"https:\/\/trabi-tour-live.dyndns.org\/wordpress-DE\/wordpress\/index.php?rest_route=\/wp\/v2\/types\/page"}],"author":[{"embeddable":true,"href":"https:\/\/trabi-tour-live.dyndns.org\/wordpress-DE\/wordpress\/index.php?rest_route=\/wp\/v2\/users\/1"}],"replies":[{"embeddable":true,"href":"https:\/\/trabi-tour-live.dyndns.org\/wordpress-DE\/wordpress\/index.php?rest_route=%2Fwp%2Fv2%2Fcomments&post=2"}],"version-history":[{"count":5,"href":"https:\/\/trabi-tour-live.dyndns.org\/wordpress-DE\/wordpress\/index.php?rest_route=\/wp\/v2\/pages\/2\/revisions"}],"predecessor-version":[{"id":781,"href":"https:\/\/trabi-tour-live.dyndns.org\/wordpress-DE\/wordpress\/index.php?rest_route=\/wp\/v2\/pages\/2\/revisions\/781"}],"wp:attachment":[{"href":"https:\/\/trabi-tour-live.dyndns.org\/wordpress-DE\/wordpress\/index.php?rest_route=%2Fwp%2Fv2%2Fmedia&parent=2"}],"curies":[{"name":"wp","href":"https:\/\/api.w.org\/{rel}","templated":true}]}}